{"id":2150,"date":"2021-10-22T11:42:33","date_gmt":"2021-10-22T09:42:33","guid":{"rendered":"https:\/\/www.onuperu.org\/?page_id=2150"},"modified":"2024-01-08T22:18:31","modified_gmt":"2024-01-08T21:18:31","slug":"trabajo","status":"publish","type":"page","link":"https:\/\/www.chuquihuara.com\/gva\/?page_id=2150","title":{"rendered":"Trabajo"},"content":{"rendered":"<h3 style=\"text-align: justify;\"><strong>Organizaci\u00f3n Internacional del Trabajo (OIT)<\/strong><\/h3>\n<p style=\"text-align: justify;\">La Organizaci\u00f3n Internacional del Trabajo es una agencia especializada de las Naciones Unidas en la que participan representantes de gobiernos, trabajadores y empresarios de 187 Estados. El objetivo de la organizaci\u00f3n es establecer est\u00e1ndares internacionales para la mejora de las condiciones laborales, y para el desarrollo de pol\u00edticas y la creaci\u00f3n de programas orientados a la promoci\u00f3n del trabajo decente para hombres y mujeres. El Director General es el se\u00f1or Guy Ryder, de nacionalidad brit\u00e1nica, quien ejerce el cargo desde el 1\u00b0 de octubre de 2012.<\/p>\n<p style=\"text-align: justify;\">Los \u00f3rganos directivos de la OIT son la Conferencia Internacional del Trabajo y el Consejo de Administraci\u00f3n. La Conferencia se realiza anualmente, en el mes de junio, y participan Ministros de Estado.<\/p>\n<p style=\"text-align: justify;\">El Per\u00fa es miembro de la Organizaci\u00f3n Internacional del Trabajo (OIT) desde su creaci\u00f3n, en 1919, como parte del Tratado de Versalles. Independientemente de las obligaciones que emanan de la ratificaci\u00f3n del Per\u00fa de los distintos Convenios, la OIT ha aprobado una serie de declaraciones que constituyen compromisos pol\u00edticos para sus miembros. Entre estas declaraciones destacan la Declaraci\u00f3n relativa a los Principios y Derechos Fundamentales en el Trabajo de 1998, la Declaraci\u00f3n sobre Justicia Social para una Globalizaci\u00f3n Equitativa del 2008 y el Pacto Global del Empleo del 2009. El Per\u00fa ha ratificado 74 convenios de la OIT, incluidos los 8 convenios fundamentales y 3 de los 4 prioritarios, quedando pendiente el Convenio N\u00fam. 129, sobre la inspecci\u00f3n del trabajo (agricultura), de 1969. El Per\u00fa es sede de la Oficina Regional de la OIT para Am\u00e9rica Latina y el Caribe y de la Oficina de la OIT para los Pa\u00edses Andinos.<\/p>\n<h3 style=\"text-align: justify;\"><strong>El Per\u00fa y el Trabajo<\/strong><\/h3>\n<p style=\"text-align: justify;\">El Per\u00fa, en el marco de la OIT, promueve las condiciones de trabajo decente y salario digno en el sistema internacional. Asimismo, busca asegurar que en las normas que genere la OIT quede reflejada la posici\u00f3n peruana tanto en lo que se refiere a su marco legal y constitucional, como a su realidad social y econ\u00f3mica; mantener debida y oportunamente informadas a las instancias de seguimiento de la aplicaci\u00f3n de normas de la OIT sobre el estado de implementaci\u00f3n de los convenios y recomendaciones que el Per\u00fa ha ratificado; obtener recursos de cooperaci\u00f3n para el Per\u00fa para promover la aplicaci\u00f3n de normas, as\u00ed como para la promoci\u00f3n del empleo y la seguridad y protecci\u00f3n sociales; obtener mayor grado de influencia en la Organizaci\u00f3n a trav\u00e9s de una participaci\u00f3n activa en los trabajos de sus distintos \u00f3rganos, a nivel pol\u00edtico y t\u00e9cnico; y, promover acercamientos bilaterales a trav\u00e9s de la identificaci\u00f3n y defensa de intereses comunes con otros estados miembros de la OIT.<\/p>\n<p>&nbsp;<\/p>\n","protected":false},"excerpt":{"rendered":"<p>Organizaci\u00f3n Internacional del Trabajo (OIT) La Organizaci\u00f3n Internacional del Trabajo es una agencia especializada de las Naciones Unidas en la que participan representantes de gobiernos, trabajadores y empresarios de 187<span class=\"excerpt-hellip\"> [\u2026]<\/span><\/p>\n","protected":false},"author":1,"featured_media":2683,"parent":2191,"menu_order":0,"comment_status":"closed","ping_status":"closed","template":"","meta":{"rs_blank_template":"","rs_page_bg_color":"#000000","slide_template_v7":"","inline_featured_image":false,"footnotes":""},"class_list":["post-2150","page","type-page","status-publish","has-post-thumbnail","hentry"],"_links":{"self":[{"href":"https:\/\/www.chuquihuara.com\/gva\/index.php?rest_route=\/wp\/v2\/pages\/2150","targetHints":{"allow":["GET"]}}],"collection":[{"href":"https:\/\/www.chuquihuara.com\/gva\/index.php?rest_route=\/wp\/v2\/pages"}],"about":[{"href":"https:\/\/www.chuquihuara.com\/gva\/index.php?rest_route=\/wp\/v2\/types\/page"}],"author":[{"embeddable":true,"href":"https:\/\/www.chuquihuara.com\/gva\/index.php?rest_route=\/wp\/v2\/users\/1"}],"replies":[{"embeddable":true,"href":"https:\/\/www.chuquihuara.com\/gva\/index.php?rest_route=%2Fwp%2Fv2%2Fcomments&post=2150"}],"version-history":[{"count":0,"href":"https:\/\/www.chuquihuara.com\/gva\/index.php?rest_route=\/wp\/v2\/pages\/2150\/revisions"}],"up":[{"embeddable":true,"href":"https:\/\/www.chuquihuara.com\/gva\/index.php?rest_route=\/wp\/v2\/pages\/2191"}],"wp:featuredmedia":[{"embeddable":true,"href":"https:\/\/www.chuquihuara.com\/gva\/index.php?rest_route=\/wp\/v2\/media\/2683"}],"wp:attachment":[{"href":"https:\/\/www.chuquihuara.com\/gva\/index.php?rest_route=%2Fwp%2Fv2%2Fmedia&parent=2150"}],"curies":[{"name":"wp","href":"https:\/\/api.w.org\/{rel}","templated":true}]}}