{"id":2144,"date":"2021-10-22T11:38:21","date_gmt":"2021-10-22T09:38:21","guid":{"rendered":"https:\/\/www.onuperu.org\/?page_id=2144"},"modified":"2024-01-08T22:01:36","modified_gmt":"2024-01-08T21:01:36","slug":"medio-ambiente","status":"publish","type":"page","link":"https:\/\/www.chuquihuara.com\/gva\/?page_id=2144","title":{"rendered":"Medio ambiente"},"content":{"rendered":"<h3 style=\"text-align: justify;\"><strong>Programa de las Naciones Unidas para el Medio Ambiente (PNUMA)<\/strong><\/h3>\n<p style=\"text-align: justify;\">El PNUMA, establecido en 1972, es el programa de las Naciones Unidas encargado de la coordinaci\u00f3n de las actividades relativas al medioambiente en el mundo, y de brindar asistencia a los Estados para la implementaci\u00f3n de las pol\u00edticas medioambientales para el desarrollo sostenible. Es, adem\u00e1s, la autoridad ambiental l\u00edder en el mundo, responsable de establecer la agenda ambiental global, de promover la aplicaci\u00f3n coherente de las dimensiones ambientales del desarrollo sostenible en el marco del sistema de las Naciones Unidas, y de ejercer la defensa acreditada del medio ambiente global. Asimismo, proporcionar liderazgo y alentar la participaci\u00f3n en el cuidado del medio ambiente inspirando, informando y facilitando a las naciones y los pueblos los medios para mejorar su calidad de vida sin comprometer la de las futuras generaciones. Tiene su sede en Nairobi, Kenia. Act\u00faa como catalizador, defensor, educador y facilitador para promover el uso sensato y el desarrollo sostenible del medio ambiente global. La Representaci\u00f3n Permanente del Per\u00fa ante el Programa de las Naciones para el Medio Ambiente se ejerce desde Ginebra.<\/p>\n<p style=\"text-align: justify;\">En ese sentido, la Misi\u00f3n Permanente del Per\u00fa en Ginebra realiza un activo seguimiento a los siguientes convenios y organizaciones:<\/p>\n<ul style=\"text-align: justify;\">\n<li>Convenio de Basilea sobre el control de los movimientos transfronterizos de los desechos peligrosos y su eliminaci\u00f3n;<\/li>\n<li>Convenio de Rotterdam sobre sobre el procedimiento de consentimiento fundamentado previo aplicable a ciertos plaguicidas y productos qu\u00edmicos peligrosos;<\/li>\n<li>Convenio de Estocolmo sobre los Contaminantes Org\u00e1nicos Persistentes;<\/li>\n<li>Convenio de Minamata sobre el Mercurio;<\/li>\n<li>Organizaci\u00f3n Meteorol\u00f3gica Mundial (OMM);<\/li>\n<li>Enfoque Estrat\u00e9gico para la Gesti\u00f3n de Productos Qu\u00edmicos a Nivel Internacional (SAICM);<\/li>\n<li>Convenio de Viena para la Protecci\u00f3n de la Capa de Ozono y su Protocolo de Montreal;<\/li>\n<li>Panel Intergubernamental sobre Cambio Clim\u00e1tico (IPCC);<\/li>\n<li>Convenci\u00f3n sobre el comercio internacional de especies amenazadas de fauna y flora silvestres (CITES);<\/li>\n<li>Convenio de Ramsar sobre los Humedales;<\/li>\n<li>Uni\u00f3n Internacional para la Conservaci\u00f3n de la Naturaleza (IUCN)<\/li>\n<\/ul>\n<h3 style=\"text-align: justify;\"><strong>El Per\u00fa y el Medio Ambiente<\/strong><\/h3>\n<p style=\"text-align: justify;\">El Per\u00fa promueve la conservaci\u00f3n y el uso sostenible de los recursos naturales, la puesta en valor de la diversidad biol\u00f3gica y la calidad ambiental en beneficio de las personas. A fin de hacer frente a la triple emergencia medioambiental ligada al cambio clim\u00e1tico, la contaminaci\u00f3n y la p\u00e9rdida de la biodiversidad, el Per\u00fa viene liderando una iniciativa multilateral que promueve el establecimiento de un instrumento internacional jur\u00eddicamente vinculante para abordar la contaminaci\u00f3n pl\u00e1stica, en el marco de la Asamblea de las Naciones Unidas sobre el Medio Ambiente (UNEA) m\u00e1ximo \u00f3rgano de toma de decisiones en el mundo sobre el medio ambiente.<\/p>\n<p style=\"text-align: justify;\">Finalmente, el Per\u00fa, en concordancia con sus compromisos medioambientales, se encuentra sumamente comprometido con los procesos tendientes a establecer y a fortalecer los reg\u00edmenes internacionales existentes en materia de medio ambiente.<\/p>\n<p>&nbsp;<\/p>\n","protected":false},"excerpt":{"rendered":"<p>Programa de las Naciones Unidas para el Medio Ambiente (PNUMA) El PNUMA, establecido en 1972, es el programa de las Naciones Unidas encargado de la coordinaci\u00f3n de las actividades relativas<span class=\"excerpt-hellip\"> [\u2026]<\/span><\/p>\n","protected":false},"author":1,"featured_media":2280,"parent":2191,"menu_order":0,"comment_status":"closed","ping_status":"closed","template":"","meta":{"rs_blank_template":"","rs_page_bg_color":"","slide_template_v7":"","inline_featured_image":false,"footnotes":""},"class_list":["post-2144","page","type-page","status-publish","has-post-thumbnail","hentry"],"_links":{"self":[{"href":"https:\/\/www.chuquihuara.com\/gva\/index.php?rest_route=\/wp\/v2\/pages\/2144","targetHints":{"allow":["GET"]}}],"collection":[{"href":"https:\/\/www.chuquihuara.com\/gva\/index.php?rest_route=\/wp\/v2\/pages"}],"about":[{"href":"https:\/\/www.chuquihuara.com\/gva\/index.php?rest_route=\/wp\/v2\/types\/page"}],"author":[{"embeddable":true,"href":"https:\/\/www.chuquihuara.com\/gva\/index.php?rest_route=\/wp\/v2\/users\/1"}],"replies":[{"embeddable":true,"href":"https:\/\/www.chuquihuara.com\/gva\/index.php?rest_route=%2Fwp%2Fv2%2Fcomments&post=2144"}],"version-history":[{"count":0,"href":"https:\/\/www.chuquihuara.com\/gva\/index.php?rest_route=\/wp\/v2\/pages\/2144\/revisions"}],"up":[{"embeddable":true,"href":"https:\/\/www.chuquihuara.com\/gva\/index.php?rest_route=\/wp\/v2\/pages\/2191"}],"wp:featuredmedia":[{"embeddable":true,"href":"https:\/\/www.chuquihuara.com\/gva\/index.php?rest_route=\/wp\/v2\/media\/2280"}],"wp:attachment":[{"href":"https:\/\/www.chuquihuara.com\/gva\/index.php?rest_route=%2Fwp%2Fv2%2Fmedia&parent=2144"}],"curies":[{"name":"wp","href":"https:\/\/api.w.org\/{rel}","templated":true}]}}