{"id":2126,"date":"2021-10-22T11:23:19","date_gmt":"2021-10-22T09:23:19","guid":{"rendered":"https:\/\/www.onuperu.org\/?page_id=2126"},"modified":"2024-01-08T22:06:55","modified_gmt":"2024-01-08T21:06:55","slug":"comercio-y-desarrollo","status":"publish","type":"page","link":"https:\/\/www.chuquihuara.com\/gva\/?page_id=2126","title":{"rendered":"Comercio y Desarrollo"},"content":{"rendered":"<h3 style=\"text-align: justify;\"><strong>Organizaci\u00f3n Mundial del Comercio (OMC)<\/strong><\/h3>\n<p style=\"text-align: justify;\">La OMC es el \u00fanico organismo internacional de car\u00e1cter universal que se ocupa de las normas que rigen el comercio entre los pa\u00edses. Promueve la competencia libre, leal y sin distorsiones con el fin de mejorar el bienestar de la poblaci\u00f3n de los 164 Miembros que actualmente conforman la Organizaci\u00f3n. Los pilares sobre los que descansa el sistema multilateral de comercio son los acuerdos de la OMC, que han sido negociados y suscritos por la gran mayor\u00eda de los pa\u00edses que participan en el comercio mundial y ratificados por sus respectivos parlamentos. Estas son las normas jur\u00eddicas fundamentales del comercio internacional.<\/p>\n<p style=\"text-align: justify;\">Entre las principales funciones de la OMC se incluye la administraci\u00f3n de los acuerdos comerciales, las negociaciones comerciales, la resoluci\u00f3n de diferencias comerciales, la supervisi\u00f3n de las pol\u00edticas comerciales nacionales, la asistencia t\u00e9cnica y la formaci\u00f3n de capacidades para pa\u00edses en desarrollo; y, la cooperaci\u00f3n con otras organizaciones internacionales.<\/p>\n<h3 style=\"text-align: left;\"><strong>Conferencia de las Naciones Unidas sobre Comercio y Desarrollo (UNCTAD)<\/strong><\/h3>\n<p style=\"text-align: justify;\">La Conferencia de las Naciones Unidas sobre Comercio y Desarrollo es el principal foro de las Naciones Unidas para el tratamiento integral del comercio, el desarrollo y las \u00e1reas relacionadas como las finanzas, la inversi\u00f3n, la tecnolog\u00eda y el desarrollo sostenible. Uno de sus principales objetivos es que los Pa\u00edses en Desarrollo (PED) aprovechen las oportunidades derivadas del comercio, la inversi\u00f3n y cuestiones conexas, al tiempo de asistirlos en sus esfuerzos para integrarse en la econom\u00eda mundial sobre bases equitativas.<\/p>\n<p style=\"text-align: justify;\">Con relaci\u00f3n a la UNCTAD, cabe destacar que el trabajo de esta organizaci\u00f3n se asienta en tres pilares de acci\u00f3n: creaci\u00f3n de consensos en el debate a nivel multilateral, an\u00e1lisis de pol\u00edticas y la investigaci\u00f3n y la cooperaci\u00f3n t\u00e9cnica. Asimismo, entre los principales lineamientos de su mandato destacan el estudio de las tendencias y perspectivas de la econom\u00eda mundial y las consecuencias para los PED, an\u00e1lisis de los problemas del desarrollo econ\u00f3mico de los PED y de las medidas para facilitar su integraci\u00f3n en la econom\u00eda mundial, desarrollo de los pa\u00edses mediante el comercio internacional, contribuci\u00f3n del sector de productos b\u00e1sicos al desarrollo por medio de la diversificaci\u00f3n y la gesti\u00f3n del riesgo, entre otros.<strong>\u00a0<\/strong><\/p>\n<h3 style=\"text-align: justify;\"><strong>El Per\u00fa y el Comercio y Desarrollo<\/strong><\/h3>\n<p style=\"text-align: justify;\">El Per\u00fa considera que el comercio internacional es una herramienta de desarrollo y de reducci\u00f3n de la pobreza, por lo que asigna alta prioridad al sistema multilateral de comercio, sustentado en la Organizaci\u00f3n Mundial del Comercio. El Per\u00fa promueve la necesidad de integrar la dimensi\u00f3n del desarrollo dentro de los procesos econ\u00f3micos internacionales y otorga prioridad al comercio y a las inversiones como agentes de desarrollo e inclusi\u00f3n social.<\/p>\n<p style=\"text-align: justify;\">Adem\u00e1s, el Per\u00fa busca promover un sistema multilateral de comercio abierto, equitativo y previsible, y la vigencia de la OMC; defender los intereses del Per\u00fa vigilando las medidas que puedan tener un impacto negativo en nuestro comercio; captar cooperaci\u00f3n t\u00e9cnica y fortalecer las instituciones nacionales vinculadas al proceso productivo exportador, entre otros.<\/p>\n<p>&nbsp;<\/p>\n","protected":false},"excerpt":{"rendered":"<p>Organizaci\u00f3n Mundial del Comercio (OMC) La OMC es el \u00fanico organismo internacional de car\u00e1cter universal que se ocupa de las normas que rigen el comercio entre los pa\u00edses. Promueve la<span class=\"excerpt-hellip\"> [\u2026]<\/span><\/p>\n","protected":false},"author":1,"featured_media":2277,"parent":2191,"menu_order":0,"comment_status":"closed","ping_status":"closed","template":"","meta":{"rs_blank_template":"","rs_page_bg_color":"","slide_template_v7":"","inline_featured_image":false,"footnotes":""},"class_list":["post-2126","page","type-page","status-publish","has-post-thumbnail","hentry"],"_links":{"self":[{"href":"https:\/\/www.chuquihuara.com\/gva\/index.php?rest_route=\/wp\/v2\/pages\/2126","targetHints":{"allow":["GET"]}}],"collection":[{"href":"https:\/\/www.chuquihuara.com\/gva\/index.php?rest_route=\/wp\/v2\/pages"}],"about":[{"href":"https:\/\/www.chuquihuara.com\/gva\/index.php?rest_route=\/wp\/v2\/types\/page"}],"author":[{"embeddable":true,"href":"https:\/\/www.chuquihuara.com\/gva\/index.php?rest_route=\/wp\/v2\/users\/1"}],"replies":[{"embeddable":true,"href":"https:\/\/www.chuquihuara.com\/gva\/index.php?rest_route=%2Fwp%2Fv2%2Fcomments&post=2126"}],"version-history":[{"count":0,"href":"https:\/\/www.chuquihuara.com\/gva\/index.php?rest_route=\/wp\/v2\/pages\/2126\/revisions"}],"up":[{"embeddable":true,"href":"https:\/\/www.chuquihuara.com\/gva\/index.php?rest_route=\/wp\/v2\/pages\/2191"}],"wp:featuredmedia":[{"embeddable":true,"href":"https:\/\/www.chuquihuara.com\/gva\/index.php?rest_route=\/wp\/v2\/media\/2277"}],"wp:attachment":[{"href":"https:\/\/www.chuquihuara.com\/gva\/index.php?rest_route=%2Fwp%2Fv2%2Fmedia&parent=2126"}],"curies":[{"name":"wp","href":"https:\/\/api.w.org\/{rel}","templated":true}]}}