{"id":2107,"date":"2021-10-21T23:58:34","date_gmt":"2021-10-21T21:58:34","guid":{"rendered":"https:\/\/www.onuperu.org\/?page_id=2107"},"modified":"2024-01-08T22:04:27","modified_gmt":"2024-01-08T21:04:27","slug":"asuntos-humanitarios","status":"publish","type":"page","link":"https:\/\/www.chuquihuara.com\/gva\/?page_id=2107","title":{"rendered":"Asuntos humanitarios"},"content":{"rendered":"<p style=\"text-align: justify;\"><\/p>\n<h3 style=\"text-align: justify;\"><strong>Oficina del Alto Comisionado de las Naciones Unidas para los Refugiados (ACNUR)<\/strong><\/h3>\n<p style=\"text-align: justify;\">La Oficina de ACNUR es supervisada por un Comit\u00e9 Ejecutivo (EXCOM), \u00f3rgano subsidiario de la Asamblea General de las Naciones Unidas, que se re\u00fane anualmente durante el mes de octubre en Ginebra para examinar y aprobar los programas y el presupuesto, y asesorar al Alto Comisionado sobre la protecci\u00f3n internacional. El Alto Comisionado, se\u00f1or Filippo Grandi, asumi\u00f3 el cargo el 1\u00ba de enero de 2016, por un periodo de cinco a\u00f1os, hasta diciembre de 2020. Posteriormente, a solicitud del Secretario General de la ONU, fue reelegido para un segundo mandato, que inici\u00f3 el 1 de enero de 2021 y culmina el 30 de junio de 2023.<\/p>\n<p style=\"text-align: justify;\">El Per\u00fa es un pa\u00eds que tiene una larga y rica experiencia en materia de refugio y asilo.\u00a0 Desde la d\u00e9cada de los a\u00f1os 80 hasta la actualidad han llegado al Per\u00fa personas provenientes de Centroam\u00e9rica, Sudam\u00e9rica, Europa, Asia y \u00c1frica. Actualmente, el Per\u00fa alberga a un n\u00famero importante de refugiados de m\u00e1s de 37 nacionalidades. El n\u00famero de solicitudes de refugio paso de 34,000 en el a\u00f1o 2017 a m\u00e1s de 530 000 a fines del a\u00f1o 2020, motivado por el desplazamiento de venezolanos al Per\u00fa. No obstante, cabe destacar que el desplazamiento de venezolanos al Per\u00fa, que en 2020 super\u00f3 al mill\u00f3n personas, es considerado por las autoridades peruanas como migraci\u00f3n mixta. El significativo incremento del n\u00famero de peticiones de refugio ha exigido del Estado peruano una atenci\u00f3n y un compromiso permanente que garantice condiciones de vida adecuadas. La vinculaci\u00f3n con el ACNUR es muy importante no solamente porque orienta la labor del eventual reconocimiento y acogida de refugiados, sino que ha contribuido igualmente con el gobierno peruano para abordar el significativo incremento de pedidos de refugio, registrado recientemente por ciudadanos venezolanos.<strong>\u00a0<\/strong><\/p>\n<h3 style=\"text-align: justify;\"><strong>Comit\u00e9 Internacional de la Cruz Roja (CICR)<\/strong><\/h3>\n<p style=\"text-align: justify;\">Es una organizaci\u00f3n independiente y neutral fundada en 1863, que protege la vida y la dignidad de las v\u00edctimas de los conflictos armados y otras situaciones de violencia, y les presta asistencia. Adem\u00e1s, el CICR difunde el Derecho Internacional Humanitario (DIH) y promueve su fortalecimiento.<\/p>\n<p style=\"text-align: justify;\">No forma parte del Sistema de las Naciones Unidas, pero act\u00faa sobre la base del mandato conferido por los Convenios de Ginebra de 1949 y de sus Protocolos Adicionales, y adem\u00e1s participa en la Asamblea General de las Naciones Unidas en calidad de Observador.<\/p>\n<h3 style=\"text-align: justify;\"><strong>Federaci\u00f3n Internacional de Sociedades de la Cruz Roja y de la Media Luna Roja (FICR)<\/strong><\/h3>\n<p style=\"text-align: justify;\">Fundada en 1919, la misi\u00f3n de la Federaci\u00f3n Internacional es ofrecer apoyo, coordinar operaciones de socorro y proteger la dignidad de personas vulnerables, independientemente de su pertenencia nacional, \u00e9tnica, religiosa, pol\u00edtica o de su estatus social. Frecuentemente la FICR interviene en favor de las v\u00edctimas de las cat\u00e1strofes naturales o de la pobreza engendrada por las crisis socioecon\u00f3micas. Tambi\u00e9n lo hace en favor de las personas refugiadas, desplazadas o afectadas por crisis en la salud.<\/p>\n<p style=\"text-align: justify;\">La IFRC est\u00e1 integrada por 190 sociedades nacionales, entre las cuales se encuentra la Cruz Roja Peruana, y cerca de 100 millones de voluntaries en casi todos los pa\u00edses del mundo.<strong>\u00a0<\/strong><\/p>\n<h3 style=\"text-align: justify;\"><strong>El Per\u00fa y los Asuntos Humanitarios<\/strong><\/h3>\n<p style=\"text-align: justify;\">Los conflictos armados, los desastres naturales, las crisis humanitarias y los problemas globales como el terrorismo y el extremismo violento amenazan la paz y la vida de los seres humanos. Al respecto, el Per\u00fa reconoce y apoya las operaciones en el terreno que realiza el Movimiento Internacional de la Cruz Roja y de la Media Luna Roja para prevenir y aliviar el sufrimiento humano, proteger la dignidad de las personas, y hacer respetar el Derecho Internacional Humanitario.<\/p>\n<p style=\"text-align: justify;\">Respecto a los refugiados, en el marco de la ACNUR, el Per\u00fa cumple con sus obligaciones internacionales y garantiza la protecci\u00f3n internacional para aquellos con el estatus de refugiado otorgado por el Estado peruano. Asimismo, es parte del Pacto Mundial para los Refugiados.<\/p>\n<p style=\"text-align: justify;\">\n","protected":false},"excerpt":{"rendered":"<p>Oficina del Alto Comisionado de las Naciones Unidas para los Refugiados (ACNUR) La Oficina de ACNUR es supervisada por un Comit\u00e9 Ejecutivo (EXCOM), \u00f3rgano subsidiario de la Asamblea General de<span class=\"excerpt-hellip\"> [\u2026]<\/span><\/p>\n","protected":false},"author":1,"featured_media":2283,"parent":2191,"menu_order":0,"comment_status":"closed","ping_status":"closed","template":"","meta":{"rs_blank_template":"","rs_page_bg_color":"","slide_template_v7":"","inline_featured_image":false,"footnotes":""},"class_list":["post-2107","page","type-page","status-publish","has-post-thumbnail","hentry"],"_links":{"self":[{"href":"https:\/\/www.chuquihuara.com\/gva\/index.php?rest_route=\/wp\/v2\/pages\/2107","targetHints":{"allow":["GET"]}}],"collection":[{"href":"https:\/\/www.chuquihuara.com\/gva\/index.php?rest_route=\/wp\/v2\/pages"}],"about":[{"href":"https:\/\/www.chuquihuara.com\/gva\/index.php?rest_route=\/wp\/v2\/types\/page"}],"author":[{"embeddable":true,"href":"https:\/\/www.chuquihuara.com\/gva\/index.php?rest_route=\/wp\/v2\/users\/1"}],"replies":[{"embeddable":true,"href":"https:\/\/www.chuquihuara.com\/gva\/index.php?rest_route=%2Fwp%2Fv2%2Fcomments&post=2107"}],"version-history":[{"count":0,"href":"https:\/\/www.chuquihuara.com\/gva\/index.php?rest_route=\/wp\/v2\/pages\/2107\/revisions"}],"up":[{"embeddable":true,"href":"https:\/\/www.chuquihuara.com\/gva\/index.php?rest_route=\/wp\/v2\/pages\/2191"}],"wp:featuredmedia":[{"embeddable":true,"href":"https:\/\/www.chuquihuara.com\/gva\/index.php?rest_route=\/wp\/v2\/media\/2283"}],"wp:attachment":[{"href":"https:\/\/www.chuquihuara.com\/gva\/index.php?rest_route=%2Fwp%2Fv2%2Fmedia&parent=2107"}],"curies":[{"name":"wp","href":"https:\/\/api.w.org\/{rel}","templated":true}]}}