{"id":2094,"date":"2021-10-21T22:23:49","date_gmt":"2021-10-21T20:23:49","guid":{"rendered":"https:\/\/www.onuperu.org\/?page_id=2094"},"modified":"2024-09-09T20:09:42","modified_gmt":"2024-09-09T18:09:42","slug":"sobre-el-jefe-de-mision","status":"publish","type":"page","link":"https:\/\/www.chuquihuara.com\/gva\/?page_id=2094","title":{"rendered":"Sobre el Jefe de Misi\u00f3n"},"content":{"rendered":"<p>Sobre el Jefe de Misi\u00f3n<br \/>\nicon<br \/>\nicon-user<\/p>\n<p><img decoding=\"async\" src=\"https:\/\/www.onuperu.org\/wp-content\/uploads\/2021\/11\/Embajador-Luis-Chuquihuara-copie.jpg\" alt=\"Embajador Luis Chuquihuara copie\" \/><br \/>\nfull<br \/>\ncenter<\/p>\n<h2>Luis Juan Chuquihuara Chil<\/h2>\n<p>&nbsp;<\/p>\n<h6>Embajador en el Servicio Diplom\u00e1tico de la Rep\u00fablica del Per\u00fa.<\/h6>\n<p>Postgrados en Gesti\u00f3n P\u00fablica en el Instituto Internacional de Administraci\u00f3n P\u00fablica IIAP de Francia y en Ciencia Pol\u00edtica en el Instituto de Estudios Pol\u00edticos IEP (Sciences Po) de Paris. Licenciado en Relaciones Internacionales por la Academia Diplom\u00e1tica del Per\u00fa con formaci\u00f3n jur\u00eddica en la Pontificia Universidad Cat\u00f3lica del Per\u00fa. En el exterior, Representante Permanente del Per\u00fa ante la Organizaci\u00f3n de Estados Americanos OEA y ante la Uni\u00f3n Europea UE. Embajador del Per\u00fa en B\u00e9lgica, Luxemburgo, El Salvador, Belice, Suiza y Liechtenstein. C\u00f3nsul General del Per\u00fa en Londres y Chicago. Representante residente del Per\u00fa ante el \u201cWorld Economic Forum\u201d WEF (Foro de Davos) y el Sistema de Integraci\u00f3n Centroamericana SICA.En el Per\u00fa, Secretario General de la Presidencia de la Rep\u00fablica, Subsecretario General de la Presidencia de la Rep\u00fablica, Consejero Presidencial en Gesti\u00f3n Externa del Estado, Jefe del Gabinete de Asesores de la Presidencia del Poder Judicial y su representante ante el Acuerdo Nacional. Miembro fundador de Foro Democr\u00e1tico e integrante de su Consejo Directivo. Director General del Foro Peruano de Relaciones Internacionales FOPRI. Miembro asociado de la Sociedad Peruana de Derecho Internacional SPDI. Miembro asociado de la Asociaci\u00f3n Bicentenario del Per\u00fa 2021 AB2021. Editor, compilador y coautor del libro \u201cPer\u00fa en la Aldea Global\u201d (1992), ha publicado varios ensayos acad\u00e9micos sobre globalizaci\u00f3n, pol\u00edtica internacional, gobernanza democr\u00e1tica e historia, as\u00ed como diversos art\u00edculos de prensa sobre las mismas materias.<\/p>\n<p><a href=\"https:\/\/pe.linkedin.com\/in\/luis-chuquihuara-8a38aa6a\" aria-label=\"button with icon\" class=\"icon_bar \" target=\"_blank\"><span class=\"t\"><i class=\"icon-linkedin\"><\/i><\/span><span class=\"b\"><i class=\"icon-linkedin\"><\/i><\/span><\/a>\n<a href=\"https:\/\/twitter.com\/peruenginebra?lang=es\" aria-label=\"button with icon\" class=\"icon_bar \" target=\"_blank\"><span class=\"t\"><i class=\"icon-twitter\"><\/i><\/span><span class=\"b\"><i class=\"icon-twitter\"><\/i><\/span><\/a>\n<a href=\"https:\/\/www.facebook.com\/Representaci%C3%B3n-del-Per%C3%BA-ante-Organismos-Internacionales-en-Ginebra-102932255520154\/\" aria-label=\"button with icon\" class=\"icon_bar \" target=\"_blank\"><span class=\"t\"><i class=\"icon-facebook\"><\/i><\/span><span class=\"b\"><i class=\"icon-facebook\"><\/i><\/span><\/a>\n<br \/>\nSobre el Jefe de Misi\u00f3n<br \/>\njustify<br \/>\nno-repeat;left top;;<br \/>\nauto<\/p>\n","protected":false},"excerpt":{"rendered":"<p>Sobre el Jefe de Misi\u00f3n icon icon-user full center Luis Juan Chuquihuara Chil &nbsp; Embajador en el Servicio Diplom\u00e1tico de la Rep\u00fablica del Per\u00fa. Postgrados en Gesti\u00f3n P\u00fablica en el<span class=\"excerpt-hellip\"> [\u2026]<\/span><\/p>\n","protected":false},"author":1,"featured_media":2677,"parent":1839,"menu_order":0,"comment_status":"closed","ping_status":"closed","template":"","meta":{"rs_blank_template":"","rs_page_bg_color":"","slide_template_v7":"","inline_featured_image":false,"footnotes":""},"class_list":["post-2094","page","type-page","status-publish","has-post-thumbnail","hentry"],"_links":{"self":[{"href":"https:\/\/www.chuquihuara.com\/gva\/index.php?rest_route=\/wp\/v2\/pages\/2094","targetHints":{"allow":["GET"]}}],"collection":[{"href":"https:\/\/www.chuquihuara.com\/gva\/index.php?rest_route=\/wp\/v2\/pages"}],"about":[{"href":"https:\/\/www.chuquihuara.com\/gva\/index.php?rest_route=\/wp\/v2\/types\/page"}],"author":[{"embeddable":true,"href":"https:\/\/www.chuquihuara.com\/gva\/index.php?rest_route=\/wp\/v2\/users\/1"}],"replies":[{"embeddable":true,"href":"https:\/\/www.chuquihuara.com\/gva\/index.php?rest_route=%2Fwp%2Fv2%2Fcomments&post=2094"}],"version-history":[{"count":1,"href":"https:\/\/www.chuquihuara.com\/gva\/index.php?rest_route=\/wp\/v2\/pages\/2094\/revisions"}],"predecessor-version":[{"id":11181,"href":"https:\/\/www.chuquihuara.com\/gva\/index.php?rest_route=\/wp\/v2\/pages\/2094\/revisions\/11181"}],"up":[{"embeddable":true,"href":"https:\/\/www.chuquihuara.com\/gva\/index.php?rest_route=\/wp\/v2\/pages\/1839"}],"wp:featuredmedia":[{"embeddable":true,"href":"https:\/\/www.chuquihuara.com\/gva\/index.php?rest_route=\/wp\/v2\/media\/2677"}],"wp:attachment":[{"href":"https:\/\/www.chuquihuara.com\/gva\/index.php?rest_route=%2Fwp%2Fv2%2Fmedia&parent=2094"}],"curies":[{"name":"wp","href":"https:\/\/api.w.org\/{rel}","templated":true}]}}